{"id":3771,"date":"2025-01-28T14:59:26","date_gmt":"2025-01-28T13:59:26","guid":{"rendered":"https:\/\/www.sbsmanager.net\/?page_id=3771"},"modified":"2025-02-06T14:34:08","modified_gmt":"2025-02-06T13:34:08","slug":"support","status":"publish","type":"page","link":"https:\/\/www.sbsmanager.net\/sv\/utbildning-och-support\/support\/","title":{"rendered":"Support"},"content":{"rendered":"","protected":false},"excerpt":{"rendered":"","protected":false},"author":8,"featured_media":0,"parent":44,"menu_order":0,"comment_status":"closed","ping_status":"closed","template":"block.php","meta":{"_acf_changed":false,"content-type":"","footnotes":""},"categories":[],"tags":[],"class_list":["post-3771","page","type-page","status-publish","hentry"],"acf":[],"yoast_head":"<!-- This site is optimized with the Yoast SEO Premium plugin v25.3.1 (Yoast SEO v27.5) - https:\/\/yoast.com\/product\/yoast-seo-premium-wordpress\/ -->\n<title>Support &#8212; SBS Manager\u00ae<\/title>\n<meta name=\"description\" content=\"Oavsett vilken supportniv\u00e5 er organisation har valt s\u00e5 kommer alla era anv\u00e4ndare att ha bra tillg\u00e5ng till st\u00f6d och v\u00e4gledning.\" \/>\n<meta name=\"robots\" content=\"index, follow, max-snippet:-1, max-image-preview:large, max-video-preview:-1\" \/>\n<link rel=\"canonical\" href=\"https:\/\/www.sbsmanager.net\/sv\/utbildning-och-support\/support\/\" \/>\n<meta property=\"og:locale\" content=\"sv_SE\" \/>\n<meta property=\"og:type\" content=\"article\" \/>\n<meta property=\"og:title\" content=\"Support\" \/>\n<meta property=\"og:url\" content=\"https:\/\/www.sbsmanager.net\/sv\/utbildning-och-support\/support\/\" \/>\n<meta property=\"og:site_name\" content=\"SBS Manager\u00ae\" \/>\n<meta property=\"article:modified_time\" content=\"2025-02-06T13:34:08+00:00\" \/>\n<meta name=\"twitter:card\" content=\"summary_large_image\" \/>\n<script type=\"application\/ld+json\" class=\"yoast-schema-graph\">{\"@context\":\"https:\\\/\\\/schema.org\",\"@graph\":[{\"@type\":\"WebPage\",\"@id\":\"https:\\\/\\\/www.sbsmanager.net\\\/sv\\\/utbildning-och-support\\\/support\\\/\",\"url\":\"https:\\\/\\\/www.sbsmanager.net\\\/sv\\\/utbildning-och-support\\\/support\\\/\",\"name\":\"Support &#8212; SBS Manager\u00ae\",\"isPartOf\":{\"@id\":\"https:\\\/\\\/www.sbsmanager.net\\\/sv\\\/#website\"},\"datePublished\":\"2025-01-28T13:59:26+00:00\",\"dateModified\":\"2025-02-06T13:34:08+00:00\",\"description\":\"Oavsett vilken supportniv\u00e5 er organisation har valt s\u00e5 kommer alla era anv\u00e4ndare att ha bra tillg\u00e5ng till st\u00f6d och v\u00e4gledning.\",\"breadcrumb\":{\"@id\":\"https:\\\/\\\/www.sbsmanager.net\\\/sv\\\/utbildning-och-support\\\/support\\\/#breadcrumb\"},\"inLanguage\":\"sv-SE\",\"potentialAction\":[{\"@type\":\"ReadAction\",\"target\":[\"https:\\\/\\\/www.sbsmanager.net\\\/sv\\\/utbildning-och-support\\\/support\\\/\"]}]},{\"@type\":\"BreadcrumbList\",\"@id\":\"https:\\\/\\\/www.sbsmanager.net\\\/sv\\\/utbildning-och-support\\\/support\\\/#breadcrumb\",\"itemListElement\":[{\"@type\":\"ListItem\",\"position\":1,\"name\":\"Hem\",\"item\":\"https:\\\/\\\/www.sbsmanager.net\\\/sv\\\/\"},{\"@type\":\"ListItem\",\"position\":2,\"name\":\"Utbildning och support\",\"item\":\"https:\\\/\\\/www.sbsmanager.net\\\/sv\\\/utbildning-och-support\\\/\"},{\"@type\":\"ListItem\",\"position\":3,\"name\":\"Support\"}]},{\"@type\":\"WebSite\",\"@id\":\"https:\\\/\\\/www.sbsmanager.net\\\/sv\\\/#website\",\"url\":\"https:\\\/\\\/www.sbsmanager.net\\\/sv\\\/\",\"name\":\"SBS Manager\u00ae\",\"description\":\"\u00c4rendehantering i v\u00e4rldsklass\",\"potentialAction\":[{\"@type\":\"SearchAction\",\"target\":{\"@type\":\"EntryPoint\",\"urlTemplate\":\"https:\\\/\\\/www.sbsmanager.net\\\/sv\\\/?s={search_term_string}\"},\"query-input\":{\"@type\":\"PropertyValueSpecification\",\"valueRequired\":true,\"valueName\":\"search_term_string\"}}],\"inLanguage\":\"sv-SE\"}]}<\/script>\n<!-- \/ Yoast SEO Premium plugin. -->","yoast_head_json":{"title":"Support &#8212; SBS Manager\u00ae","description":"Oavsett vilken supportniv\u00e5 er organisation har valt s\u00e5 kommer alla era anv\u00e4ndare att ha bra tillg\u00e5ng till st\u00f6d och v\u00e4gledning.","robots":{"index":"index","follow":"follow","max-snippet":"max-snippet:-1","max-image-preview":"max-image-preview:large","max-video-preview":"max-video-preview:-1"},"canonical":"https:\/\/www.sbsmanager.net\/sv\/utbildning-och-support\/support\/","og_locale":"sv_SE","og_type":"article","og_title":"Support","og_url":"https:\/\/www.sbsmanager.net\/sv\/utbildning-och-support\/support\/","og_site_name":"SBS Manager\u00ae","article_modified_time":"2025-02-06T13:34:08+00:00","twitter_card":"summary_large_image","schema":{"@context":"https:\/\/schema.org","@graph":[{"@type":"WebPage","@id":"https:\/\/www.sbsmanager.net\/sv\/utbildning-och-support\/support\/","url":"https:\/\/www.sbsmanager.net\/sv\/utbildning-och-support\/support\/","name":"Support &#8212; SBS Manager\u00ae","isPartOf":{"@id":"https:\/\/www.sbsmanager.net\/sv\/#website"},"datePublished":"2025-01-28T13:59:26+00:00","dateModified":"2025-02-06T13:34:08+00:00","description":"Oavsett vilken supportniv\u00e5 er organisation har valt s\u00e5 kommer alla era anv\u00e4ndare att ha bra tillg\u00e5ng till st\u00f6d och v\u00e4gledning.","breadcrumb":{"@id":"https:\/\/www.sbsmanager.net\/sv\/utbildning-och-support\/support\/#breadcrumb"},"inLanguage":"sv-SE","potentialAction":[{"@type":"ReadAction","target":["https:\/\/www.sbsmanager.net\/sv\/utbildning-och-support\/support\/"]}]},{"@type":"BreadcrumbList","@id":"https:\/\/www.sbsmanager.net\/sv\/utbildning-och-support\/support\/#breadcrumb","itemListElement":[{"@type":"ListItem","position":1,"name":"Hem","item":"https:\/\/www.sbsmanager.net\/sv\/"},{"@type":"ListItem","position":2,"name":"Utbildning och support","item":"https:\/\/www.sbsmanager.net\/sv\/utbildning-och-support\/"},{"@type":"ListItem","position":3,"name":"Support"}]},{"@type":"WebSite","@id":"https:\/\/www.sbsmanager.net\/sv\/#website","url":"https:\/\/www.sbsmanager.net\/sv\/","name":"SBS Manager\u00ae","description":"\u00c4rendehantering i v\u00e4rldsklass","potentialAction":[{"@type":"SearchAction","target":{"@type":"EntryPoint","urlTemplate":"https:\/\/www.sbsmanager.net\/sv\/?s={search_term_string}"},"query-input":{"@type":"PropertyValueSpecification","valueRequired":true,"valueName":"search_term_string"}}],"inLanguage":"sv-SE"}]}},"_links":{"self":[{"href":"https:\/\/www.sbsmanager.net\/sv\/wp-json\/wp\/v2\/pages\/3771","targetHints":{"allow":["GET"]}}],"collection":[{"href":"https:\/\/www.sbsmanager.net\/sv\/wp-json\/wp\/v2\/pages"}],"about":[{"href":"https:\/\/www.sbsmanager.net\/sv\/wp-json\/wp\/v2\/types\/page"}],"author":[{"embeddable":true,"href":"https:\/\/www.sbsmanager.net\/sv\/wp-json\/wp\/v2\/users\/8"}],"replies":[{"embeddable":true,"href":"https:\/\/www.sbsmanager.net\/sv\/wp-json\/wp\/v2\/comments?post=3771"}],"version-history":[{"count":40,"href":"https:\/\/www.sbsmanager.net\/sv\/wp-json\/wp\/v2\/pages\/3771\/revisions"}],"predecessor-version":[{"id":3896,"href":"https:\/\/www.sbsmanager.net\/sv\/wp-json\/wp\/v2\/pages\/3771\/revisions\/3896"}],"up":[{"embeddable":true,"href":"https:\/\/www.sbsmanager.net\/sv\/wp-json\/wp\/v2\/pages\/44"}],"wp:attachment":[{"href":"https:\/\/www.sbsmanager.net\/sv\/wp-json\/wp\/v2\/media?parent=3771"}],"wp:term":[{"taxonomy":"category","embeddable":true,"href":"https:\/\/www.sbsmanager.net\/sv\/wp-json\/wp\/v2\/categories?post=3771"},{"taxonomy":"post_tag","embeddable":true,"href":"https:\/\/www.sbsmanager.net\/sv\/wp-json\/wp\/v2\/tags?post=3771"}],"curies":[{"name":"wp","href":"https:\/\/api.w.org\/{rel}","templated":true}]}}