{"id":3706,"date":"2025-01-28T09:38:46","date_gmt":"2025-01-28T08:38:46","guid":{"rendered":"https:\/\/www.sbsmanager.net\/?page_id=3706"},"modified":"2026-01-28T17:01:31","modified_gmt":"2026-01-28T16:01:31","slug":"utbildning","status":"publish","type":"page","link":"https:\/\/www.sbsmanager.net\/sv\/utbildning-och-support\/utbildning\/","title":{"rendered":"Utbildning"},"content":{"rendered":"<p>Kunskap \u00e4r en nyckelfaktor i inf\u00f6randet av en ny plattform och n\u00e5got som beh\u00f6ver underh\u00e5llas. Vi erbjuder utbildningar inom ans\u00f6kningshanteringens olika moment. Med ett flexibelt uppl\u00e4gg f\u00e5r du alltid maximal tillg\u00e4nglighet av utbildning. Vi finns tillg\u00e4ngliga s\u00e5v\u00e4l p\u00e5 distans som i det personliga m\u00f6tet. Du v\u00e4ljer vad som passar dig och din organisation b\u00e4st.<\/p>\n","protected":false},"excerpt":{"rendered":"<p>Kunskap \u00e4r en nyckelfaktor i inf\u00f6randet av en ny plattform och n\u00e5got som beh\u00f6ver underh\u00e5llas. Vi erbjuder utbildningar inom ans\u00f6kningshanteringens olika moment. Med ett flexibelt uppl\u00e4gg f\u00e5r du alltid maximal tillg\u00e4nglighet av utbildning. Vi finns tillg\u00e4ngliga s\u00e5v\u00e4l p\u00e5 distans som i det personliga m\u00f6tet. Du v\u00e4ljer vad som passar dig och din organisation b\u00e4st.<\/p>\n","protected":false},"author":8,"featured_media":0,"parent":44,"menu_order":0,"comment_status":"closed","ping_status":"closed","template":"block.php","meta":{"_acf_changed":false,"content-type":"","footnotes":""},"categories":[],"tags":[],"class_list":["post-3706","page","type-page","status-publish","hentry"],"acf":[],"yoast_head":"<!-- This site is optimized with the Yoast SEO Premium plugin v25.3.1 (Yoast SEO v27.4) - https:\/\/yoast.com\/product\/yoast-seo-premium-wordpress\/ -->\n<title>Utbildning &#8212; SBS Manager\u00ae<\/title>\n<meta name=\"description\" content=\"Utbildning \u00e4r en nyckelfaktor i inf\u00f6randet av en ny plattform. Med ett flexibelt uppl\u00e4gg f\u00e5r du alltid maximal tillg\u00e4nglighet av utbildning.\" \/>\n<meta name=\"robots\" content=\"index, follow, max-snippet:-1, max-image-preview:large, max-video-preview:-1\" \/>\n<link rel=\"canonical\" href=\"https:\/\/www.sbsmanager.net\/sv\/utbildning-och-support\/utbildning\/\" \/>\n<meta property=\"og:locale\" content=\"sv_SE\" \/>\n<meta property=\"og:type\" content=\"article\" \/>\n<meta property=\"og:title\" content=\"Utbildning\" \/>\n<meta property=\"og:description\" content=\"Kunskap \u00e4r en nyckelfaktor i inf\u00f6randet av en ny plattform och n\u00e5got som beh\u00f6ver underh\u00e5llas. Vi erbjuder utbildningar inom ans\u00f6kningshanteringens olika\" \/>\n<meta property=\"og:url\" content=\"https:\/\/www.sbsmanager.net\/sv\/utbildning-och-support\/utbildning\/\" \/>\n<meta property=\"og:site_name\" content=\"SBS Manager\u00ae\" \/>\n<meta property=\"article:modified_time\" content=\"2026-01-28T16:01:31+00:00\" \/>\n<meta name=\"twitter:card\" content=\"summary_large_image\" \/>\n<script type=\"application\/ld+json\" class=\"yoast-schema-graph\">{\"@context\":\"https:\\\/\\\/schema.org\",\"@graph\":[{\"@type\":\"WebPage\",\"@id\":\"https:\\\/\\\/www.sbsmanager.net\\\/sv\\\/utbildning-och-support\\\/utbildning\\\/\",\"url\":\"https:\\\/\\\/www.sbsmanager.net\\\/sv\\\/utbildning-och-support\\\/utbildning\\\/\",\"name\":\"Utbildning &#8212; SBS Manager\u00ae\",\"isPartOf\":{\"@id\":\"https:\\\/\\\/www.sbsmanager.net\\\/sv\\\/#website\"},\"datePublished\":\"2025-01-28T08:38:46+00:00\",\"dateModified\":\"2026-01-28T16:01:31+00:00\",\"description\":\"Utbildning \u00e4r en nyckelfaktor i inf\u00f6randet av en ny plattform. Med ett flexibelt uppl\u00e4gg f\u00e5r du alltid maximal tillg\u00e4nglighet av utbildning.\",\"breadcrumb\":{\"@id\":\"https:\\\/\\\/www.sbsmanager.net\\\/sv\\\/utbildning-och-support\\\/utbildning\\\/#breadcrumb\"},\"inLanguage\":\"sv-SE\",\"potentialAction\":[{\"@type\":\"ReadAction\",\"target\":[\"https:\\\/\\\/www.sbsmanager.net\\\/sv\\\/utbildning-och-support\\\/utbildning\\\/\"]}]},{\"@type\":\"BreadcrumbList\",\"@id\":\"https:\\\/\\\/www.sbsmanager.net\\\/sv\\\/utbildning-och-support\\\/utbildning\\\/#breadcrumb\",\"itemListElement\":[{\"@type\":\"ListItem\",\"position\":1,\"name\":\"Hem\",\"item\":\"https:\\\/\\\/www.sbsmanager.net\\\/sv\\\/\"},{\"@type\":\"ListItem\",\"position\":2,\"name\":\"Utbildning och support\",\"item\":\"https:\\\/\\\/www.sbsmanager.net\\\/sv\\\/utbildning-och-support\\\/\"},{\"@type\":\"ListItem\",\"position\":3,\"name\":\"Utbildning\"}]},{\"@type\":\"WebSite\",\"@id\":\"https:\\\/\\\/www.sbsmanager.net\\\/sv\\\/#website\",\"url\":\"https:\\\/\\\/www.sbsmanager.net\\\/sv\\\/\",\"name\":\"SBS Manager\u00ae\",\"description\":\"\u00c4rendehantering i v\u00e4rldsklass\",\"potentialAction\":[{\"@type\":\"SearchAction\",\"target\":{\"@type\":\"EntryPoint\",\"urlTemplate\":\"https:\\\/\\\/www.sbsmanager.net\\\/sv\\\/?s={search_term_string}\"},\"query-input\":{\"@type\":\"PropertyValueSpecification\",\"valueRequired\":true,\"valueName\":\"search_term_string\"}}],\"inLanguage\":\"sv-SE\"}]}<\/script>\n<!-- \/ Yoast SEO Premium plugin. -->","yoast_head_json":{"title":"Utbildning &#8212; SBS Manager\u00ae","description":"Utbildning \u00e4r en nyckelfaktor i inf\u00f6randet av en ny plattform. Med ett flexibelt uppl\u00e4gg f\u00e5r du alltid maximal tillg\u00e4nglighet av utbildning.","robots":{"index":"index","follow":"follow","max-snippet":"max-snippet:-1","max-image-preview":"max-image-preview:large","max-video-preview":"max-video-preview:-1"},"canonical":"https:\/\/www.sbsmanager.net\/sv\/utbildning-och-support\/utbildning\/","og_locale":"sv_SE","og_type":"article","og_title":"Utbildning","og_description":"Kunskap \u00e4r en nyckelfaktor i inf\u00f6randet av en ny plattform och n\u00e5got som beh\u00f6ver underh\u00e5llas. Vi erbjuder utbildningar inom ans\u00f6kningshanteringens olika","og_url":"https:\/\/www.sbsmanager.net\/sv\/utbildning-och-support\/utbildning\/","og_site_name":"SBS Manager\u00ae","article_modified_time":"2026-01-28T16:01:31+00:00","twitter_card":"summary_large_image","schema":{"@context":"https:\/\/schema.org","@graph":[{"@type":"WebPage","@id":"https:\/\/www.sbsmanager.net\/sv\/utbildning-och-support\/utbildning\/","url":"https:\/\/www.sbsmanager.net\/sv\/utbildning-och-support\/utbildning\/","name":"Utbildning &#8212; SBS Manager\u00ae","isPartOf":{"@id":"https:\/\/www.sbsmanager.net\/sv\/#website"},"datePublished":"2025-01-28T08:38:46+00:00","dateModified":"2026-01-28T16:01:31+00:00","description":"Utbildning \u00e4r en nyckelfaktor i inf\u00f6randet av en ny plattform. Med ett flexibelt uppl\u00e4gg f\u00e5r du alltid maximal tillg\u00e4nglighet av utbildning.","breadcrumb":{"@id":"https:\/\/www.sbsmanager.net\/sv\/utbildning-och-support\/utbildning\/#breadcrumb"},"inLanguage":"sv-SE","potentialAction":[{"@type":"ReadAction","target":["https:\/\/www.sbsmanager.net\/sv\/utbildning-och-support\/utbildning\/"]}]},{"@type":"BreadcrumbList","@id":"https:\/\/www.sbsmanager.net\/sv\/utbildning-och-support\/utbildning\/#breadcrumb","itemListElement":[{"@type":"ListItem","position":1,"name":"Hem","item":"https:\/\/www.sbsmanager.net\/sv\/"},{"@type":"ListItem","position":2,"name":"Utbildning och support","item":"https:\/\/www.sbsmanager.net\/sv\/utbildning-och-support\/"},{"@type":"ListItem","position":3,"name":"Utbildning"}]},{"@type":"WebSite","@id":"https:\/\/www.sbsmanager.net\/sv\/#website","url":"https:\/\/www.sbsmanager.net\/sv\/","name":"SBS Manager\u00ae","description":"\u00c4rendehantering i v\u00e4rldsklass","potentialAction":[{"@type":"SearchAction","target":{"@type":"EntryPoint","urlTemplate":"https:\/\/www.sbsmanager.net\/sv\/?s={search_term_string}"},"query-input":{"@type":"PropertyValueSpecification","valueRequired":true,"valueName":"search_term_string"}}],"inLanguage":"sv-SE"}]}},"_links":{"self":[{"href":"https:\/\/www.sbsmanager.net\/sv\/wp-json\/wp\/v2\/pages\/3706","targetHints":{"allow":["GET"]}}],"collection":[{"href":"https:\/\/www.sbsmanager.net\/sv\/wp-json\/wp\/v2\/pages"}],"about":[{"href":"https:\/\/www.sbsmanager.net\/sv\/wp-json\/wp\/v2\/types\/page"}],"author":[{"embeddable":true,"href":"https:\/\/www.sbsmanager.net\/sv\/wp-json\/wp\/v2\/users\/8"}],"replies":[{"embeddable":true,"href":"https:\/\/www.sbsmanager.net\/sv\/wp-json\/wp\/v2\/comments?post=3706"}],"version-history":[{"count":94,"href":"https:\/\/www.sbsmanager.net\/sv\/wp-json\/wp\/v2\/pages\/3706\/revisions"}],"predecessor-version":[{"id":4068,"href":"https:\/\/www.sbsmanager.net\/sv\/wp-json\/wp\/v2\/pages\/3706\/revisions\/4068"}],"up":[{"embeddable":true,"href":"https:\/\/www.sbsmanager.net\/sv\/wp-json\/wp\/v2\/pages\/44"}],"wp:attachment":[{"href":"https:\/\/www.sbsmanager.net\/sv\/wp-json\/wp\/v2\/media?parent=3706"}],"wp:term":[{"taxonomy":"category","embeddable":true,"href":"https:\/\/www.sbsmanager.net\/sv\/wp-json\/wp\/v2\/categories?post=3706"},{"taxonomy":"post_tag","embeddable":true,"href":"https:\/\/www.sbsmanager.net\/sv\/wp-json\/wp\/v2\/tags?post=3706"}],"curies":[{"name":"wp","href":"https:\/\/api.w.org\/{rel}","templated":true}]}}