{"id":204,"date":"2016-10-05T13:36:03","date_gmt":"2016-10-05T11:36:03","guid":{"rendered":"http:\/\/beta.sbsmanager.net\/sv\/?page_id=204"},"modified":"2019-02-28T15:22:21","modified_gmt":"2019-02-28T14:22:21","slug":"uppdragsbeskrivningar","status":"publish","type":"page","link":"https:\/\/www.sbsmanager.net\/sv\/branscher-och-uppdrag\/uppdragsbeskrivningar\/","title":{"rendered":"Uppdragsbeskrivningar"},"content":{"rendered":"","protected":false},"excerpt":{"rendered":"","protected":false},"author":2,"featured_media":0,"parent":42,"menu_order":0,"comment_status":"closed","ping_status":"closed","template":"block.php","meta":{"_acf_changed":false,"content-type":"","footnotes":""},"categories":[],"tags":[],"class_list":["post-204","page","type-page","status-publish","hentry"],"acf":[],"yoast_head":"<!-- This site is optimized with the Yoast SEO Premium plugin v25.3.1 (Yoast SEO v27.5) - https:\/\/yoast.com\/product\/yoast-seo-premium-wordpress\/ -->\n<title>Uppdragsbeskrivningar &#8212; SBS Manager\u00ae<\/title>\n<meta name=\"description\" content=\"M\u00f6t SBS Managers breda spectra av uppdragsgivare inom stiftelser, sponsring och offentlig f\u00f6rvaltning med ett och samma m\u00e5l \u2013 effektiv \u00e4rendehantering.\" \/>\n<meta name=\"robots\" content=\"index, follow, max-snippet:-1, max-image-preview:large, max-video-preview:-1\" \/>\n<link rel=\"canonical\" href=\"https:\/\/www.sbsmanager.net\/sv\/branscher-och-uppdrag\/uppdragsbeskrivningar\/\" \/>\n<meta property=\"og:locale\" content=\"sv_SE\" \/>\n<meta property=\"og:type\" content=\"article\" \/>\n<meta property=\"og:title\" content=\"Uppdragsbeskrivningar\" \/>\n<meta property=\"og:url\" content=\"https:\/\/www.sbsmanager.net\/sv\/branscher-och-uppdrag\/uppdragsbeskrivningar\/\" \/>\n<meta property=\"og:site_name\" content=\"SBS Manager\u00ae\" \/>\n<meta property=\"article:modified_time\" content=\"2019-02-28T14:22:21+00:00\" \/>\n<meta name=\"twitter:card\" content=\"summary_large_image\" \/>\n<script type=\"application\/ld+json\" class=\"yoast-schema-graph\">{\"@context\":\"https:\\\/\\\/schema.org\",\"@graph\":[{\"@type\":\"WebPage\",\"@id\":\"https:\\\/\\\/www.sbsmanager.net\\\/sv\\\/branscher-och-uppdrag\\\/uppdragsbeskrivningar\\\/\",\"url\":\"https:\\\/\\\/www.sbsmanager.net\\\/sv\\\/branscher-och-uppdrag\\\/uppdragsbeskrivningar\\\/\",\"name\":\"Uppdragsbeskrivningar &#8212; SBS Manager\u00ae\",\"isPartOf\":{\"@id\":\"https:\\\/\\\/www.sbsmanager.net\\\/sv\\\/#website\"},\"datePublished\":\"2016-10-05T11:36:03+00:00\",\"dateModified\":\"2019-02-28T14:22:21+00:00\",\"description\":\"M\u00f6t SBS Managers breda spectra av uppdragsgivare inom stiftelser, sponsring och offentlig f\u00f6rvaltning med ett och samma m\u00e5l \u2013 effektiv \u00e4rendehantering.\",\"breadcrumb\":{\"@id\":\"https:\\\/\\\/www.sbsmanager.net\\\/sv\\\/branscher-och-uppdrag\\\/uppdragsbeskrivningar\\\/#breadcrumb\"},\"inLanguage\":\"sv-SE\",\"potentialAction\":[{\"@type\":\"ReadAction\",\"target\":[\"https:\\\/\\\/www.sbsmanager.net\\\/sv\\\/branscher-och-uppdrag\\\/uppdragsbeskrivningar\\\/\"]}]},{\"@type\":\"BreadcrumbList\",\"@id\":\"https:\\\/\\\/www.sbsmanager.net\\\/sv\\\/branscher-och-uppdrag\\\/uppdragsbeskrivningar\\\/#breadcrumb\",\"itemListElement\":[{\"@type\":\"ListItem\",\"position\":1,\"name\":\"Hem\",\"item\":\"https:\\\/\\\/www.sbsmanager.net\\\/sv\\\/\"},{\"@type\":\"ListItem\",\"position\":2,\"name\":\"Branscher och uppdrag\",\"item\":\"https:\\\/\\\/www.sbsmanager.net\\\/sv\\\/branscher-och-uppdrag\\\/\"},{\"@type\":\"ListItem\",\"position\":3,\"name\":\"Uppdragsbeskrivningar\"}]},{\"@type\":\"WebSite\",\"@id\":\"https:\\\/\\\/www.sbsmanager.net\\\/sv\\\/#website\",\"url\":\"https:\\\/\\\/www.sbsmanager.net\\\/sv\\\/\",\"name\":\"SBS Manager\u00ae\",\"description\":\"\u00c4rendehantering i v\u00e4rldsklass\",\"potentialAction\":[{\"@type\":\"SearchAction\",\"target\":{\"@type\":\"EntryPoint\",\"urlTemplate\":\"https:\\\/\\\/www.sbsmanager.net\\\/sv\\\/?s={search_term_string}\"},\"query-input\":{\"@type\":\"PropertyValueSpecification\",\"valueRequired\":true,\"valueName\":\"search_term_string\"}}],\"inLanguage\":\"sv-SE\"}]}<\/script>\n<!-- \/ Yoast SEO Premium plugin. -->","yoast_head_json":{"title":"Uppdragsbeskrivningar &#8212; SBS Manager\u00ae","description":"M\u00f6t SBS Managers breda spectra av uppdragsgivare inom stiftelser, sponsring och offentlig f\u00f6rvaltning med ett och samma m\u00e5l \u2013 effektiv \u00e4rendehantering.","robots":{"index":"index","follow":"follow","max-snippet":"max-snippet:-1","max-image-preview":"max-image-preview:large","max-video-preview":"max-video-preview:-1"},"canonical":"https:\/\/www.sbsmanager.net\/sv\/branscher-och-uppdrag\/uppdragsbeskrivningar\/","og_locale":"sv_SE","og_type":"article","og_title":"Uppdragsbeskrivningar","og_url":"https:\/\/www.sbsmanager.net\/sv\/branscher-och-uppdrag\/uppdragsbeskrivningar\/","og_site_name":"SBS Manager\u00ae","article_modified_time":"2019-02-28T14:22:21+00:00","twitter_card":"summary_large_image","schema":{"@context":"https:\/\/schema.org","@graph":[{"@type":"WebPage","@id":"https:\/\/www.sbsmanager.net\/sv\/branscher-och-uppdrag\/uppdragsbeskrivningar\/","url":"https:\/\/www.sbsmanager.net\/sv\/branscher-och-uppdrag\/uppdragsbeskrivningar\/","name":"Uppdragsbeskrivningar &#8212; SBS Manager\u00ae","isPartOf":{"@id":"https:\/\/www.sbsmanager.net\/sv\/#website"},"datePublished":"2016-10-05T11:36:03+00:00","dateModified":"2019-02-28T14:22:21+00:00","description":"M\u00f6t SBS Managers breda spectra av uppdragsgivare inom stiftelser, sponsring och offentlig f\u00f6rvaltning med ett och samma m\u00e5l \u2013 effektiv \u00e4rendehantering.","breadcrumb":{"@id":"https:\/\/www.sbsmanager.net\/sv\/branscher-och-uppdrag\/uppdragsbeskrivningar\/#breadcrumb"},"inLanguage":"sv-SE","potentialAction":[{"@type":"ReadAction","target":["https:\/\/www.sbsmanager.net\/sv\/branscher-och-uppdrag\/uppdragsbeskrivningar\/"]}]},{"@type":"BreadcrumbList","@id":"https:\/\/www.sbsmanager.net\/sv\/branscher-och-uppdrag\/uppdragsbeskrivningar\/#breadcrumb","itemListElement":[{"@type":"ListItem","position":1,"name":"Hem","item":"https:\/\/www.sbsmanager.net\/sv\/"},{"@type":"ListItem","position":2,"name":"Branscher och uppdrag","item":"https:\/\/www.sbsmanager.net\/sv\/branscher-och-uppdrag\/"},{"@type":"ListItem","position":3,"name":"Uppdragsbeskrivningar"}]},{"@type":"WebSite","@id":"https:\/\/www.sbsmanager.net\/sv\/#website","url":"https:\/\/www.sbsmanager.net\/sv\/","name":"SBS Manager\u00ae","description":"\u00c4rendehantering i v\u00e4rldsklass","potentialAction":[{"@type":"SearchAction","target":{"@type":"EntryPoint","urlTemplate":"https:\/\/www.sbsmanager.net\/sv\/?s={search_term_string}"},"query-input":{"@type":"PropertyValueSpecification","valueRequired":true,"valueName":"search_term_string"}}],"inLanguage":"sv-SE"}]}},"_links":{"self":[{"href":"https:\/\/www.sbsmanager.net\/sv\/wp-json\/wp\/v2\/pages\/204","targetHints":{"allow":["GET"]}}],"collection":[{"href":"https:\/\/www.sbsmanager.net\/sv\/wp-json\/wp\/v2\/pages"}],"about":[{"href":"https:\/\/www.sbsmanager.net\/sv\/wp-json\/wp\/v2\/types\/page"}],"author":[{"embeddable":true,"href":"https:\/\/www.sbsmanager.net\/sv\/wp-json\/wp\/v2\/users\/2"}],"replies":[{"embeddable":true,"href":"https:\/\/www.sbsmanager.net\/sv\/wp-json\/wp\/v2\/comments?post=204"}],"version-history":[{"count":8,"href":"https:\/\/www.sbsmanager.net\/sv\/wp-json\/wp\/v2\/pages\/204\/revisions"}],"predecessor-version":[{"id":2233,"href":"https:\/\/www.sbsmanager.net\/sv\/wp-json\/wp\/v2\/pages\/204\/revisions\/2233"}],"up":[{"embeddable":true,"href":"https:\/\/www.sbsmanager.net\/sv\/wp-json\/wp\/v2\/pages\/42"}],"wp:attachment":[{"href":"https:\/\/www.sbsmanager.net\/sv\/wp-json\/wp\/v2\/media?parent=204"}],"wp:term":[{"taxonomy":"category","embeddable":true,"href":"https:\/\/www.sbsmanager.net\/sv\/wp-json\/wp\/v2\/categories?post=204"},{"taxonomy":"post_tag","embeddable":true,"href":"https:\/\/www.sbsmanager.net\/sv\/wp-json\/wp\/v2\/tags?post=204"}],"curies":[{"name":"wp","href":"https:\/\/api.w.org\/{rel}","templated":true}]}}