{"id":129,"date":"2016-09-16T13:20:40","date_gmt":"2016-09-16T11:20:40","guid":{"rendered":"http:\/\/beta.sbsmanager.net\/sv\/?page_id=129"},"modified":"2020-10-05T11:25:57","modified_gmt":"2020-10-05T09:25:57","slug":"sponsring","status":"publish","type":"page","link":"https:\/\/www.sbsmanager.net\/sv\/branscher-och-uppdrag\/sponsring\/","title":{"rendered":"Sponsorer"},"content":{"rendered":"","protected":false},"excerpt":{"rendered":"","protected":false},"author":2,"featured_media":0,"parent":42,"menu_order":0,"comment_status":"closed","ping_status":"closed","template":"block.php","meta":{"_acf_changed":false,"content-type":"","footnotes":""},"categories":[],"tags":[],"class_list":["post-129","page","type-page","status-publish","hentry"],"acf":[],"yoast_head":"<!-- This site is optimized with the Yoast SEO Premium plugin v25.3.1 (Yoast SEO v27.5) - https:\/\/yoast.com\/product\/yoast-seo-premium-wordpress\/ -->\n<title>Sponsring med full kontroll, effektivitet och uppf\u00f6ljning<\/title>\n<meta name=\"description\" content=\"En bra strategi f\u00f6r din sponsring \u00e4r grundl\u00e4ggande, men hur v\u00e4l faller den ut? Vi hj\u00e4lper dig att bygga kontroll och effektivitet.\" \/>\n<meta name=\"robots\" content=\"index, follow, max-snippet:-1, max-image-preview:large, max-video-preview:-1\" \/>\n<link rel=\"canonical\" href=\"https:\/\/www.sbsmanager.net\/sv\/branscher-och-uppdrag\/sponsring\/\" \/>\n<meta property=\"og:locale\" content=\"sv_SE\" \/>\n<meta property=\"og:type\" content=\"article\" \/>\n<meta property=\"og:title\" content=\"Sponsorer\" \/>\n<meta property=\"og:url\" content=\"https:\/\/www.sbsmanager.net\/sv\/branscher-och-uppdrag\/sponsring\/\" \/>\n<meta property=\"og:site_name\" content=\"SBS Manager\u00ae\" \/>\n<meta property=\"article:modified_time\" content=\"2020-10-05T09:25:57+00:00\" \/>\n<meta name=\"twitter:card\" content=\"summary_large_image\" \/>\n<script type=\"application\/ld+json\" class=\"yoast-schema-graph\">{\"@context\":\"https:\\\/\\\/schema.org\",\"@graph\":[{\"@type\":\"WebPage\",\"@id\":\"https:\\\/\\\/www.sbsmanager.net\\\/sv\\\/branscher-och-uppdrag\\\/sponsring\\\/\",\"url\":\"https:\\\/\\\/www.sbsmanager.net\\\/sv\\\/branscher-och-uppdrag\\\/sponsring\\\/\",\"name\":\"Sponsring med full kontroll, effektivitet och uppf\u00f6ljning\",\"isPartOf\":{\"@id\":\"https:\\\/\\\/www.sbsmanager.net\\\/sv\\\/#website\"},\"datePublished\":\"2016-09-16T11:20:40+00:00\",\"dateModified\":\"2020-10-05T09:25:57+00:00\",\"description\":\"En bra strategi f\u00f6r din sponsring \u00e4r grundl\u00e4ggande, men hur v\u00e4l faller den ut? Vi hj\u00e4lper dig att bygga kontroll och effektivitet.\",\"breadcrumb\":{\"@id\":\"https:\\\/\\\/www.sbsmanager.net\\\/sv\\\/branscher-och-uppdrag\\\/sponsring\\\/#breadcrumb\"},\"inLanguage\":\"sv-SE\",\"potentialAction\":[{\"@type\":\"ReadAction\",\"target\":[\"https:\\\/\\\/www.sbsmanager.net\\\/sv\\\/branscher-och-uppdrag\\\/sponsring\\\/\"]}]},{\"@type\":\"BreadcrumbList\",\"@id\":\"https:\\\/\\\/www.sbsmanager.net\\\/sv\\\/branscher-och-uppdrag\\\/sponsring\\\/#breadcrumb\",\"itemListElement\":[{\"@type\":\"ListItem\",\"position\":1,\"name\":\"Hem\",\"item\":\"https:\\\/\\\/www.sbsmanager.net\\\/sv\\\/\"},{\"@type\":\"ListItem\",\"position\":2,\"name\":\"Branscher och uppdrag\",\"item\":\"https:\\\/\\\/www.sbsmanager.net\\\/sv\\\/branscher-och-uppdrag\\\/\"},{\"@type\":\"ListItem\",\"position\":3,\"name\":\"Sponsorer\"}]},{\"@type\":\"WebSite\",\"@id\":\"https:\\\/\\\/www.sbsmanager.net\\\/sv\\\/#website\",\"url\":\"https:\\\/\\\/www.sbsmanager.net\\\/sv\\\/\",\"name\":\"SBS Manager\u00ae\",\"description\":\"\u00c4rendehantering i v\u00e4rldsklass\",\"potentialAction\":[{\"@type\":\"SearchAction\",\"target\":{\"@type\":\"EntryPoint\",\"urlTemplate\":\"https:\\\/\\\/www.sbsmanager.net\\\/sv\\\/?s={search_term_string}\"},\"query-input\":{\"@type\":\"PropertyValueSpecification\",\"valueRequired\":true,\"valueName\":\"search_term_string\"}}],\"inLanguage\":\"sv-SE\"}]}<\/script>\n<!-- \/ Yoast SEO Premium plugin. -->","yoast_head_json":{"title":"Sponsring med full kontroll, effektivitet och uppf\u00f6ljning","description":"En bra strategi f\u00f6r din sponsring \u00e4r grundl\u00e4ggande, men hur v\u00e4l faller den ut? Vi hj\u00e4lper dig att bygga kontroll och effektivitet.","robots":{"index":"index","follow":"follow","max-snippet":"max-snippet:-1","max-image-preview":"max-image-preview:large","max-video-preview":"max-video-preview:-1"},"canonical":"https:\/\/www.sbsmanager.net\/sv\/branscher-och-uppdrag\/sponsring\/","og_locale":"sv_SE","og_type":"article","og_title":"Sponsorer","og_url":"https:\/\/www.sbsmanager.net\/sv\/branscher-och-uppdrag\/sponsring\/","og_site_name":"SBS Manager\u00ae","article_modified_time":"2020-10-05T09:25:57+00:00","twitter_card":"summary_large_image","schema":{"@context":"https:\/\/schema.org","@graph":[{"@type":"WebPage","@id":"https:\/\/www.sbsmanager.net\/sv\/branscher-och-uppdrag\/sponsring\/","url":"https:\/\/www.sbsmanager.net\/sv\/branscher-och-uppdrag\/sponsring\/","name":"Sponsring med full kontroll, effektivitet och uppf\u00f6ljning","isPartOf":{"@id":"https:\/\/www.sbsmanager.net\/sv\/#website"},"datePublished":"2016-09-16T11:20:40+00:00","dateModified":"2020-10-05T09:25:57+00:00","description":"En bra strategi f\u00f6r din sponsring \u00e4r grundl\u00e4ggande, men hur v\u00e4l faller den ut? Vi hj\u00e4lper dig att bygga kontroll och effektivitet.","breadcrumb":{"@id":"https:\/\/www.sbsmanager.net\/sv\/branscher-och-uppdrag\/sponsring\/#breadcrumb"},"inLanguage":"sv-SE","potentialAction":[{"@type":"ReadAction","target":["https:\/\/www.sbsmanager.net\/sv\/branscher-och-uppdrag\/sponsring\/"]}]},{"@type":"BreadcrumbList","@id":"https:\/\/www.sbsmanager.net\/sv\/branscher-och-uppdrag\/sponsring\/#breadcrumb","itemListElement":[{"@type":"ListItem","position":1,"name":"Hem","item":"https:\/\/www.sbsmanager.net\/sv\/"},{"@type":"ListItem","position":2,"name":"Branscher och uppdrag","item":"https:\/\/www.sbsmanager.net\/sv\/branscher-och-uppdrag\/"},{"@type":"ListItem","position":3,"name":"Sponsorer"}]},{"@type":"WebSite","@id":"https:\/\/www.sbsmanager.net\/sv\/#website","url":"https:\/\/www.sbsmanager.net\/sv\/","name":"SBS Manager\u00ae","description":"\u00c4rendehantering i v\u00e4rldsklass","potentialAction":[{"@type":"SearchAction","target":{"@type":"EntryPoint","urlTemplate":"https:\/\/www.sbsmanager.net\/sv\/?s={search_term_string}"},"query-input":{"@type":"PropertyValueSpecification","valueRequired":true,"valueName":"search_term_string"}}],"inLanguage":"sv-SE"}]}},"_links":{"self":[{"href":"https:\/\/www.sbsmanager.net\/sv\/wp-json\/wp\/v2\/pages\/129","targetHints":{"allow":["GET"]}}],"collection":[{"href":"https:\/\/www.sbsmanager.net\/sv\/wp-json\/wp\/v2\/pages"}],"about":[{"href":"https:\/\/www.sbsmanager.net\/sv\/wp-json\/wp\/v2\/types\/page"}],"author":[{"embeddable":true,"href":"https:\/\/www.sbsmanager.net\/sv\/wp-json\/wp\/v2\/users\/2"}],"replies":[{"embeddable":true,"href":"https:\/\/www.sbsmanager.net\/sv\/wp-json\/wp\/v2\/comments?post=129"}],"version-history":[{"count":89,"href":"https:\/\/www.sbsmanager.net\/sv\/wp-json\/wp\/v2\/pages\/129\/revisions"}],"predecessor-version":[{"id":2851,"href":"https:\/\/www.sbsmanager.net\/sv\/wp-json\/wp\/v2\/pages\/129\/revisions\/2851"}],"up":[{"embeddable":true,"href":"https:\/\/www.sbsmanager.net\/sv\/wp-json\/wp\/v2\/pages\/42"}],"wp:attachment":[{"href":"https:\/\/www.sbsmanager.net\/sv\/wp-json\/wp\/v2\/media?parent=129"}],"wp:term":[{"taxonomy":"category","embeddable":true,"href":"https:\/\/www.sbsmanager.net\/sv\/wp-json\/wp\/v2\/categories?post=129"},{"taxonomy":"post_tag","embeddable":true,"href":"https:\/\/www.sbsmanager.net\/sv\/wp-json\/wp\/v2\/tags?post=129"}],"curies":[{"name":"wp","href":"https:\/\/api.w.org\/{rel}","templated":true}]}}