{"id":1165,"date":"2017-07-07T15:20:16","date_gmt":"2017-07-07T13:20:16","guid":{"rendered":"https:\/\/www.sbsmanager.net\/?page_id=1165\/"},"modified":"2020-04-21T09:31:02","modified_gmt":"2020-04-21T07:31:02","slug":"produkter-och-priser","status":"publish","type":"page","link":"https:\/\/www.sbsmanager.net\/sv\/sbs-manager\/produkter-och-priser\/","title":{"rendered":"Produkter och priser"},"content":{"rendered":"","protected":false},"excerpt":{"rendered":"","protected":false},"author":2,"featured_media":0,"parent":2,"menu_order":0,"comment_status":"closed","ping_status":"closed","template":"block.php","meta":{"_acf_changed":false,"content-type":"","footnotes":""},"categories":[],"tags":[],"class_list":["post-1165","page","type-page","status-publish","hentry"],"acf":[],"yoast_head":"<!-- This site is optimized with the Yoast SEO Premium plugin v25.3.1 (Yoast SEO v27.5) - https:\/\/yoast.com\/product\/yoast-seo-premium-wordpress\/ -->\n<title>Produkter och priser &#8212; ans\u00f6kningssystem och e-tj\u00e4nster<\/title>\n<meta name=\"description\" content=\"SBS Manager\u2122 finns i en m\u00e4ngd olika till\u00e4mpningar men grundl\u00e4ggande i fyra licensformer \u2013 Grants Cloud, Sponsor Cloud, Stand-alone och Enterprise.\" \/>\n<meta name=\"robots\" content=\"index, follow, max-snippet:-1, max-image-preview:large, max-video-preview:-1\" \/>\n<link rel=\"canonical\" href=\"https:\/\/www.sbsmanager.net\/sv\/sbs-manager\/produkter-och-priser\/\" \/>\n<meta property=\"og:locale\" content=\"sv_SE\" \/>\n<meta property=\"og:type\" content=\"article\" \/>\n<meta property=\"og:title\" content=\"Produkter och priser\" \/>\n<meta property=\"og:url\" content=\"https:\/\/www.sbsmanager.net\/sv\/sbs-manager\/produkter-och-priser\/\" \/>\n<meta property=\"og:site_name\" content=\"SBS Manager\u00ae\" \/>\n<meta property=\"article:modified_time\" content=\"2020-04-21T07:31:02+00:00\" \/>\n<meta name=\"twitter:card\" content=\"summary_large_image\" \/>\n<script type=\"application\/ld+json\" class=\"yoast-schema-graph\">{\"@context\":\"https:\\\/\\\/schema.org\",\"@graph\":[{\"@type\":\"WebPage\",\"@id\":\"https:\\\/\\\/www.sbsmanager.net\\\/sv\\\/sbs-manager\\\/produkter-och-priser\\\/\",\"url\":\"https:\\\/\\\/www.sbsmanager.net\\\/sv\\\/sbs-manager\\\/produkter-och-priser\\\/\",\"name\":\"Produkter och priser &#8212; ans\u00f6kningssystem och e-tj\u00e4nster\",\"isPartOf\":{\"@id\":\"https:\\\/\\\/www.sbsmanager.net\\\/sv\\\/#website\"},\"datePublished\":\"2017-07-07T13:20:16+00:00\",\"dateModified\":\"2020-04-21T07:31:02+00:00\",\"description\":\"SBS Manager\u2122 finns i en m\u00e4ngd olika till\u00e4mpningar men grundl\u00e4ggande i fyra licensformer \u2013 Grants Cloud, Sponsor Cloud, Stand-alone och Enterprise.\",\"breadcrumb\":{\"@id\":\"https:\\\/\\\/www.sbsmanager.net\\\/sv\\\/sbs-manager\\\/produkter-och-priser\\\/#breadcrumb\"},\"inLanguage\":\"sv-SE\",\"potentialAction\":[{\"@type\":\"ReadAction\",\"target\":[\"https:\\\/\\\/www.sbsmanager.net\\\/sv\\\/sbs-manager\\\/produkter-och-priser\\\/\"]}]},{\"@type\":\"BreadcrumbList\",\"@id\":\"https:\\\/\\\/www.sbsmanager.net\\\/sv\\\/sbs-manager\\\/produkter-och-priser\\\/#breadcrumb\",\"itemListElement\":[{\"@type\":\"ListItem\",\"position\":1,\"name\":\"Hem\",\"item\":\"https:\\\/\\\/www.sbsmanager.net\\\/sv\\\/\"},{\"@type\":\"ListItem\",\"position\":2,\"name\":\"SBS Manager\u00ae\",\"item\":\"https:\\\/\\\/www.sbsmanager.net\\\/sv\\\/sbs-manager\\\/\"},{\"@type\":\"ListItem\",\"position\":3,\"name\":\"Produkter och priser\"}]},{\"@type\":\"WebSite\",\"@id\":\"https:\\\/\\\/www.sbsmanager.net\\\/sv\\\/#website\",\"url\":\"https:\\\/\\\/www.sbsmanager.net\\\/sv\\\/\",\"name\":\"SBS Manager\u00ae\",\"description\":\"\u00c4rendehantering i v\u00e4rldsklass\",\"potentialAction\":[{\"@type\":\"SearchAction\",\"target\":{\"@type\":\"EntryPoint\",\"urlTemplate\":\"https:\\\/\\\/www.sbsmanager.net\\\/sv\\\/?s={search_term_string}\"},\"query-input\":{\"@type\":\"PropertyValueSpecification\",\"valueRequired\":true,\"valueName\":\"search_term_string\"}}],\"inLanguage\":\"sv-SE\"}]}<\/script>\n<!-- \/ Yoast SEO Premium plugin. -->","yoast_head_json":{"title":"Produkter och priser &#8212; ans\u00f6kningssystem och e-tj\u00e4nster","description":"SBS Manager\u2122 finns i en m\u00e4ngd olika till\u00e4mpningar men grundl\u00e4ggande i fyra licensformer \u2013 Grants Cloud, Sponsor Cloud, Stand-alone och Enterprise.","robots":{"index":"index","follow":"follow","max-snippet":"max-snippet:-1","max-image-preview":"max-image-preview:large","max-video-preview":"max-video-preview:-1"},"canonical":"https:\/\/www.sbsmanager.net\/sv\/sbs-manager\/produkter-och-priser\/","og_locale":"sv_SE","og_type":"article","og_title":"Produkter och priser","og_url":"https:\/\/www.sbsmanager.net\/sv\/sbs-manager\/produkter-och-priser\/","og_site_name":"SBS Manager\u00ae","article_modified_time":"2020-04-21T07:31:02+00:00","twitter_card":"summary_large_image","schema":{"@context":"https:\/\/schema.org","@graph":[{"@type":"WebPage","@id":"https:\/\/www.sbsmanager.net\/sv\/sbs-manager\/produkter-och-priser\/","url":"https:\/\/www.sbsmanager.net\/sv\/sbs-manager\/produkter-och-priser\/","name":"Produkter och priser &#8212; ans\u00f6kningssystem och e-tj\u00e4nster","isPartOf":{"@id":"https:\/\/www.sbsmanager.net\/sv\/#website"},"datePublished":"2017-07-07T13:20:16+00:00","dateModified":"2020-04-21T07:31:02+00:00","description":"SBS Manager\u2122 finns i en m\u00e4ngd olika till\u00e4mpningar men grundl\u00e4ggande i fyra licensformer \u2013 Grants Cloud, Sponsor Cloud, Stand-alone och Enterprise.","breadcrumb":{"@id":"https:\/\/www.sbsmanager.net\/sv\/sbs-manager\/produkter-och-priser\/#breadcrumb"},"inLanguage":"sv-SE","potentialAction":[{"@type":"ReadAction","target":["https:\/\/www.sbsmanager.net\/sv\/sbs-manager\/produkter-och-priser\/"]}]},{"@type":"BreadcrumbList","@id":"https:\/\/www.sbsmanager.net\/sv\/sbs-manager\/produkter-och-priser\/#breadcrumb","itemListElement":[{"@type":"ListItem","position":1,"name":"Hem","item":"https:\/\/www.sbsmanager.net\/sv\/"},{"@type":"ListItem","position":2,"name":"SBS Manager\u00ae","item":"https:\/\/www.sbsmanager.net\/sv\/sbs-manager\/"},{"@type":"ListItem","position":3,"name":"Produkter och priser"}]},{"@type":"WebSite","@id":"https:\/\/www.sbsmanager.net\/sv\/#website","url":"https:\/\/www.sbsmanager.net\/sv\/","name":"SBS Manager\u00ae","description":"\u00c4rendehantering i v\u00e4rldsklass","potentialAction":[{"@type":"SearchAction","target":{"@type":"EntryPoint","urlTemplate":"https:\/\/www.sbsmanager.net\/sv\/?s={search_term_string}"},"query-input":{"@type":"PropertyValueSpecification","valueRequired":true,"valueName":"search_term_string"}}],"inLanguage":"sv-SE"}]}},"_links":{"self":[{"href":"https:\/\/www.sbsmanager.net\/sv\/wp-json\/wp\/v2\/pages\/1165","targetHints":{"allow":["GET"]}}],"collection":[{"href":"https:\/\/www.sbsmanager.net\/sv\/wp-json\/wp\/v2\/pages"}],"about":[{"href":"https:\/\/www.sbsmanager.net\/sv\/wp-json\/wp\/v2\/types\/page"}],"author":[{"embeddable":true,"href":"https:\/\/www.sbsmanager.net\/sv\/wp-json\/wp\/v2\/users\/2"}],"replies":[{"embeddable":true,"href":"https:\/\/www.sbsmanager.net\/sv\/wp-json\/wp\/v2\/comments?post=1165"}],"version-history":[{"count":13,"href":"https:\/\/www.sbsmanager.net\/sv\/wp-json\/wp\/v2\/pages\/1165\/revisions"}],"predecessor-version":[{"id":3958,"href":"https:\/\/www.sbsmanager.net\/sv\/wp-json\/wp\/v2\/pages\/1165\/revisions\/3958"}],"up":[{"embeddable":true,"href":"https:\/\/www.sbsmanager.net\/sv\/wp-json\/wp\/v2\/pages\/2"}],"wp:attachment":[{"href":"https:\/\/www.sbsmanager.net\/sv\/wp-json\/wp\/v2\/media?parent=1165"}],"wp:term":[{"taxonomy":"category","embeddable":true,"href":"https:\/\/www.sbsmanager.net\/sv\/wp-json\/wp\/v2\/categories?post=1165"},{"taxonomy":"post_tag","embeddable":true,"href":"https:\/\/www.sbsmanager.net\/sv\/wp-json\/wp\/v2\/tags?post=1165"}],"curies":[{"name":"wp","href":"https:\/\/api.w.org\/{rel}","templated":true}]}}